{"id":149,"date":"2012-04-01T16:13:39","date_gmt":"2012-04-01T16:13:39","guid":{"rendered":"http:\/\/filipfoto.wordpress.com\/?page_id=2"},"modified":"2014-12-11T18:18:09","modified_gmt":"2014-12-11T17:18:09","slug":"about","status":"publish","type":"page","link":"https:\/\/foto-kronika.pl\/?page_id=149","title":{"rendered":"O stronie i ciasteczkach\/About and cookies"},"content":{"rendered":"<p>Kronika powinna rejestrowa\u0107 wa\u017cne wydarzenia, ale nie jest to tutaj regu\u0142\u0105. Zdarza si\u0119 te\u017c, \u017ce starsze zdj\u0119cia ilustruj\u0105 co\u015b, co wydarzy\u0142o si\u0119 niedawno.<\/p>\n<p>Strona u\u017cywa ciasteczek\u00a0dla cel\u00f3w statystycznych. Mo\u017cna jej to uniemo\u017cliwi\u0107, zmieniaj\u0105c\u00a0ustawienia w przegl\u0105darce.<\/p>\n<p><em>A chronicle should record important events but it is not a rule here.\u00a0Older pictures may illustrate something happening quite recently.<\/em><\/p>\n<p><em>This site uses cookies for statistical reasons. You may prevent it by changing settings in your browser.<\/em><\/p>\n","protected":false},"excerpt":{"rendered":"<p>Kronika powinna rejestrowa\u0107 wa\u017cne wydarzenia, ale nie jest to tutaj regu\u0142\u0105. Zdarza si\u0119 te\u017c, \u017ce starsze zdj\u0119cia ilustruj\u0105 co\u015b, co wydarzy\u0142o si\u0119 niedawno. Strona u\u017cywa ciasteczek\u00a0dla cel\u00f3w statystycznych. Mo\u017cna jej to uniemo\u017cliwi\u0107, zmieniaj\u0105c\u00a0ustawienia w przegl\u0105darce. A chronicle should record important &hellip; <a href=\"https:\/\/foto-kronika.pl\/?page_id=149\">Czytaj dalej <span class=\"meta-nav\">&rarr;<\/span><\/a><\/p>\n","protected":false},"author":1,"featured_media":0,"parent":0,"menu_order":0,"comment_status":"open","ping_status":"open","template":"","meta":{"om_disable_all_campaigns":false,"_monsterinsights_skip_tracking":false,"_monsterinsights_sitenote_active":false,"_monsterinsights_sitenote_note":"","_monsterinsights_sitenote_category":0,"footnotes":""},"class_list":["post-149","page","type-page","status-publish","hentry"],"jetpack_sharing_enabled":true,"_links":{"self":[{"href":"https:\/\/foto-kronika.pl\/index.php?rest_route=\/wp\/v2\/pages\/149","targetHints":{"allow":["GET"]}}],"collection":[{"href":"https:\/\/foto-kronika.pl\/index.php?rest_route=\/wp\/v2\/pages"}],"about":[{"href":"https:\/\/foto-kronika.pl\/index.php?rest_route=\/wp\/v2\/types\/page"}],"author":[{"embeddable":true,"href":"https:\/\/foto-kronika.pl\/index.php?rest_route=\/wp\/v2\/users\/1"}],"replies":[{"embeddable":true,"href":"https:\/\/foto-kronika.pl\/index.php?rest_route=%2Fwp%2Fv2%2Fcomments&post=149"}],"version-history":[{"count":2,"href":"https:\/\/foto-kronika.pl\/index.php?rest_route=\/wp\/v2\/pages\/149\/revisions"}],"predecessor-version":[{"id":2080,"href":"https:\/\/foto-kronika.pl\/index.php?rest_route=\/wp\/v2\/pages\/149\/revisions\/2080"}],"wp:attachment":[{"href":"https:\/\/foto-kronika.pl\/index.php?rest_route=%2Fwp%2Fv2%2Fmedia&parent=149"}],"curies":[{"name":"wp","href":"https:\/\/api.w.org\/{rel}","templated":true}]}}